{"id":7671,"date":"2025-09-15T10:46:48","date_gmt":"2025-09-15T13:46:48","guid":{"rendered":"https:\/\/fatuweb.uncoma.edu.ar\/fatu\/?page_id=7671"},"modified":"2026-03-03T13:01:44","modified_gmt":"2026-03-03T16:01:44","slug":"concurso-docentes-interinos-y-simples","status":"publish","type":"page","link":"https:\/\/fatuweb.uncoma.edu.ar\/index.php\/concurso-docentes-interinos-y-simples\/","title":{"rendered":"Concurso Docentes Interinos y Simples"},"content":{"rendered":"\t\t<div data-elementor-type=\"wp-page\" data-elementor-id=\"7671\" class=\"elementor elementor-7671\" data-elementor-post-type=\"page\">\n\t\t\t\t<div class=\"elementor-element elementor-element-320aa71 e-flex e-con-boxed e-con e-parent\" data-id=\"320aa71\" data-element_type=\"container\" data-e-type=\"container\">\n\t\t\t\t\t<div class=\"e-con-inner\">\n\t\t<div class=\"elementor-element elementor-element-94fe027 e-con-full e-flex e-con e-child\" data-id=\"94fe027\" data-element_type=\"container\" data-e-type=\"container\">\n\t\t\t\t<div class=\"elementor-element elementor-element-376be47 elementor-widget elementor-widget-heading\" data-id=\"376be47\" data-element_type=\"widget\" data-e-type=\"widget\" data-widget_type=\"heading.default\">\n\t\t\t\t<div class=\"elementor-widget-container\">\n\t\t\t\t\t<h1 class=\"elementor-heading-title elementor-size-default\">Concursos Interinos y Suplentes\n<\/h1>\t\t\t\t<\/div>\n\t\t\t\t<\/div>\n\t\t\t\t<div class=\"elementor-element elementor-element-b572e82 elementor-widget elementor-widget-text-editor\" data-id=\"b572e82\" data-element_type=\"widget\" data-e-type=\"widget\" data-widget_type=\"text-editor.default\">\n\t\t\t\t<div class=\"elementor-widget-container\">\n\t\t\t\t\t\t\t\t\t<p>La Facultad de Turismo de la Universidad Nacional del Comahue informa que en este espacio se publicar\u00e1n los llamados a inscripci\u00f3n para la cobertura de cargos docentes interinos y suplentes, conforme a lo establecido en la Resoluci\u00f3n FATU CD N\u00ba 088\/2025 del Consejo Directivo de esta Facultad.<\/p><p>Cada convocatoria incluir\u00e1 la informaci\u00f3n detallada sobre el cargo a cubrir, requisitos, plazos de inscripci\u00f3n, lugar de presentaci\u00f3n de la documentaci\u00f3n y medios de contacto habilitados.<\/p><p>Invitamos a las y los interesados a consultar peri\u00f3dicamente esta secci\u00f3n para acceder a las publicaciones actualizadas.<\/p><ul><li><a href=\"https:\/\/fatuweb.uncoma.edu.ar\/wp-content\/uploads\/2025\/09\/RESOL-CDFTN\u00b0088.2025-NUEVO-Reglamento-llamado-a-incrip-conc-auxiliares-interinos-F.pdf\">Reglamento Concurso Docentes Interinos y Suplentes<\/a><\/li><li><a href=\"https:\/\/fatuweb.uncoma.edu.ar\/wp-content\/uploads\/2025\/09\/ord_0492-1991-Regimen-de-Obligaciones-Docentes.pdf\">Ordenanza 0492\/1991 y 545\/2010 R\u00e9gimen de Obligaciones Docentes<\/a><\/li><li><a href=\"https:\/\/fatuweb.uncoma.edu.ar\/wp-content\/uploads\/2025\/09\/ord_0174_1990-incompatibilidad-superposicion-de-horarios.pdf\">Ordenanza 0174\/1990 incompatibilidad superposici\u00f3n de horarios.<\/a><\/li><li><a href=\"https:\/\/fatuweb.uncoma.edu.ar\/wp-content\/uploads\/2025\/09\/ord_0905_2012-incompatibilidades-docentes-50-hs.pdf\">Ordenanza 0905\/2012 Incompatibilidades docentes 50 hs.<\/a><\/li><li><a href=\"https:\/\/fatuweb.uncoma.edu.ar\/wp-content\/uploads\/2025\/09\/ord_088_2022-Modifica-905-2012.pdf\">Ordenanza 88\/2022 Modifica 905\/2012.<\/a><\/li><\/ul>\t\t\t\t\t\t\t\t<\/div>\n\t\t\t\t<\/div>\n\t\t\t\t<div class=\"elementor-element elementor-element-ea6214d elementor-widget elementor-widget-heading\" data-id=\"ea6214d\" data-element_type=\"widget\" data-e-type=\"widget\" data-widget_type=\"heading.default\">\n\t\t\t\t<div class=\"elementor-widget-container\">\n\t\t\t\t\t<h1 class=\"elementor-heading-title elementor-size-default\">Departamento de Servicios Tur\u00edsticos<\/h1>\t\t\t\t<\/div>\n\t\t\t\t<\/div>\n\t\t\t\t<div class=\"elementor-element elementor-element-6849c46 elementor-widget elementor-widget-heading\" data-id=\"6849c46\" data-element_type=\"widget\" data-e-type=\"widget\" data-widget_type=\"heading.default\">\n\t\t\t\t<div class=\"elementor-widget-container\">\n\t\t\t\t\t<h2 class=\"elementor-heading-title elementor-size-default\">Concursos Profesores Interinos y Suplentes<\/h2>\t\t\t\t<\/div>\n\t\t\t\t<\/div>\n\t\t\t\t<div class=\"elementor-element elementor-element-6be54bd elementor-posts--thumbnail-none elementor-posts--align-center elementor-grid-3 elementor-grid-tablet-2 elementor-grid-mobile-1 elementor-card-shadow-yes elementor-posts__hover-gradient elementor-widget elementor-widget-posts\" data-id=\"6be54bd\" data-element_type=\"widget\" data-e-type=\"widget\" data-settings=\"{&quot;cards_columns&quot;:&quot;3&quot;,&quot;cards_columns_tablet&quot;:&quot;2&quot;,&quot;cards_columns_mobile&quot;:&quot;1&quot;,&quot;cards_row_gap&quot;:{&quot;unit&quot;:&quot;px&quot;,&quot;size&quot;:35,&quot;sizes&quot;:[]},&quot;cards_row_gap_tablet&quot;:{&quot;unit&quot;:&quot;px&quot;,&quot;size&quot;:&quot;&quot;,&quot;sizes&quot;:[]},&quot;cards_row_gap_mobile&quot;:{&quot;unit&quot;:&quot;px&quot;,&quot;size&quot;:&quot;&quot;,&quot;sizes&quot;:[]}}\" data-widget_type=\"posts.cards\">\n\t\t\t\t<div class=\"elementor-widget-container\">\n\t\t\t\t\t\t\t<div class=\"elementor-posts-container elementor-posts elementor-posts--skin-cards elementor-grid\" role=\"list\">\n\t\t\t\t<article class=\"elementor-post elementor-grid-item post-8973 post type-post status-publish format-standard hentry category-concurso-interino-y-suplentes-servicios-turisticos-profesores\" role=\"listitem\">\n\t\t\t<div class=\"elementor-post__card\">\n\t\t\t\t<div class=\"elementor-post__text\">\n\t\t\t\t<h3 class=\"elementor-post__title\">\n\t\t\t<a href=\"https:\/\/fatuweb.uncoma.edu.ar\/index.php\/prestaciones-turisticas-3\/\" >\n\t\t\t\tPrestaciones Tur\u00edsticas\t\t\t<\/a>\n\t\t<\/h3>\n\t\t\t\t\t<div class=\"elementor-post__read-more-wrapper\">\n\t\t\n\t\t<a class=\"elementor-post__read-more\" href=\"https:\/\/fatuweb.uncoma.edu.ar\/index.php\/prestaciones-turisticas-3\/\" aria-label=\"Read more about Prestaciones Tur\u00edsticas\" tabindex=\"-1\" >\n\t\t\tM\u00e1s Informaci\u00f3n \u00bb\t\t<\/a>\n\n\t\t\t\t\t<\/div>\n\t\t\t\t<\/div>\n\t\t\t\t\t<\/div>\n\t\t<\/article>\n\t\t\t\t<\/div>\n\t\t\n\t\t\t\t\t\t<\/div>\n\t\t\t\t<\/div>\n\t\t\t\t<div class=\"elementor-element elementor-element-15dff62 elementor-hidden-desktop elementor-hidden-tablet elementor-hidden-mobile elementor-widget elementor-widget-heading\" data-id=\"15dff62\" data-element_type=\"widget\" data-e-type=\"widget\" data-widget_type=\"heading.default\">\n\t\t\t\t<div class=\"elementor-widget-container\">\n\t\t\t\t\t<h2 class=\"elementor-heading-title elementor-size-default\">Concursos Auxiliares  Interinos y Suplentes<\/h2>\t\t\t\t<\/div>\n\t\t\t\t<\/div>\n\t\t\t\t<div class=\"elementor-element elementor-element-995127c elementor-posts--thumbnail-none elementor-posts--align-center elementor-hidden-desktop elementor-hidden-tablet elementor-hidden-mobile elementor-grid-3 elementor-grid-tablet-2 elementor-grid-mobile-1 elementor-card-shadow-yes elementor-posts__hover-gradient elementor-widget elementor-widget-posts\" data-id=\"995127c\" data-element_type=\"widget\" data-e-type=\"widget\" data-settings=\"{&quot;cards_columns&quot;:&quot;3&quot;,&quot;cards_columns_tablet&quot;:&quot;2&quot;,&quot;cards_columns_mobile&quot;:&quot;1&quot;,&quot;cards_row_gap&quot;:{&quot;unit&quot;:&quot;px&quot;,&quot;size&quot;:35,&quot;sizes&quot;:[]},&quot;cards_row_gap_tablet&quot;:{&quot;unit&quot;:&quot;px&quot;,&quot;size&quot;:&quot;&quot;,&quot;sizes&quot;:[]},&quot;cards_row_gap_mobile&quot;:{&quot;unit&quot;:&quot;px&quot;,&quot;size&quot;:&quot;&quot;,&quot;sizes&quot;:[]}}\" data-widget_type=\"posts.cards\">\n\t\t\t\t<div class=\"elementor-widget-container\">\n\t\t\t\t\t\t\t<div class=\"elementor-posts-container elementor-posts elementor-posts--skin-cards elementor-grid\" role=\"list\">\n\t\t\t\t<article class=\"elementor-post elementor-grid-item post-7735 post type-post status-publish format-standard hentry category-concurso-interino-y-suplentes-servicios-turisticos-auxiliares\" role=\"listitem\">\n\t\t\t<div class=\"elementor-post__card\">\n\t\t\t\t<div class=\"elementor-post__text\">\n\t\t\t\t<h3 class=\"elementor-post__title\">\n\t\t\t<a href=\"https:\/\/fatuweb.uncoma.edu.ar\/index.php\/administracion-y-economia-de-empresas-de-servicios-turisticos\/\" >\n\t\t\t\tAdministraci\u00f3n y Econom\u00eda de Empresas de Servicios Tur\u00edsticos (Inscripci\u00f3n Cerrada)\t\t\t<\/a>\n\t\t<\/h3>\n\t\t\t\t\t<div class=\"elementor-post__read-more-wrapper\">\n\t\t\n\t\t<a class=\"elementor-post__read-more\" href=\"https:\/\/fatuweb.uncoma.edu.ar\/index.php\/administracion-y-economia-de-empresas-de-servicios-turisticos\/\" aria-label=\"Read more about Administraci\u00f3n y Econom\u00eda de Empresas de Servicios Tur\u00edsticos (Inscripci\u00f3n Cerrada)\" tabindex=\"-1\" >\n\t\t\tM\u00e1s Informaci\u00f3n \u00bb\t\t<\/a>\n\n\t\t\t\t\t<\/div>\n\t\t\t\t<\/div>\n\t\t\t\t\t<\/div>\n\t\t<\/article>\n\t\t\t\t<article class=\"elementor-post elementor-grid-item post-7744 post type-post status-publish format-standard hentry category-concurso-interino-y-suplentes-servicios-turisticos-auxiliares\" role=\"listitem\">\n\t\t\t<div class=\"elementor-post__card\">\n\t\t\t\t<div class=\"elementor-post__text\">\n\t\t\t\t<h3 class=\"elementor-post__title\">\n\t\t\t<a href=\"https:\/\/fatuweb.uncoma.edu.ar\/index.php\/marketing-turistico\/\" >\n\t\t\t\tMarketing Tur\u00edstico  &#8211;  (Inscripci\u00f3n Cerrada)\t\t\t<\/a>\n\t\t<\/h3>\n\t\t\t\t\t<div class=\"elementor-post__read-more-wrapper\">\n\t\t\n\t\t<a class=\"elementor-post__read-more\" href=\"https:\/\/fatuweb.uncoma.edu.ar\/index.php\/marketing-turistico\/\" aria-label=\"Read more about Marketing Tur\u00edstico  &#8211;  (Inscripci\u00f3n Cerrada)\" tabindex=\"-1\" >\n\t\t\tM\u00e1s Informaci\u00f3n \u00bb\t\t<\/a>\n\n\t\t\t\t\t<\/div>\n\t\t\t\t<\/div>\n\t\t\t\t\t<\/div>\n\t\t<\/article>\n\t\t\t\t<article class=\"elementor-post elementor-grid-item post-7681 post type-post status-publish format-standard hentry category-concurso-interino-y-suplentes-servicios-turisticos-auxiliares\" role=\"listitem\">\n\t\t\t<div class=\"elementor-post__card\">\n\t\t\t\t<div class=\"elementor-post__text\">\n\t\t\t\t<h3 class=\"elementor-post__title\">\n\t\t\t<a href=\"https:\/\/fatuweb.uncoma.edu.ar\/index.php\/practica-profesional\/\" >\n\t\t\t\tPr\u00e1ctica Profesional &#8211; (Inscripci\u00f3n Cerrada)\t\t\t<\/a>\n\t\t<\/h3>\n\t\t\t\t\t<div class=\"elementor-post__read-more-wrapper\">\n\t\t\n\t\t<a class=\"elementor-post__read-more\" href=\"https:\/\/fatuweb.uncoma.edu.ar\/index.php\/practica-profesional\/\" aria-label=\"Read more about Pr\u00e1ctica Profesional &#8211; (Inscripci\u00f3n Cerrada)\" tabindex=\"-1\" >\n\t\t\tM\u00e1s Informaci\u00f3n \u00bb\t\t<\/a>\n\n\t\t\t\t\t<\/div>\n\t\t\t\t<\/div>\n\t\t\t\t\t<\/div>\n\t\t<\/article>\n\t\t\t\t<article class=\"elementor-post elementor-grid-item post-7829 post type-post status-publish format-standard hentry category-concurso-interino-y-suplentes-servicios-turisticos-auxiliares\" role=\"listitem\">\n\t\t\t<div class=\"elementor-post__card\">\n\t\t\t\t<div class=\"elementor-post__text\">\n\t\t\t\t<h3 class=\"elementor-post__title\">\n\t\t\t<a href=\"https:\/\/fatuweb.uncoma.edu.ar\/index.php\/turismo-politicas-y-territorio\/\" >\n\t\t\t\tTurismo, Pol\u00edticas y Territorio (Inscripci\u00f3n Cerrada)\t\t\t<\/a>\n\t\t<\/h3>\n\t\t\t\t\t<div class=\"elementor-post__read-more-wrapper\">\n\t\t\n\t\t<a class=\"elementor-post__read-more\" href=\"https:\/\/fatuweb.uncoma.edu.ar\/index.php\/turismo-politicas-y-territorio\/\" aria-label=\"Read more about Turismo, Pol\u00edticas y Territorio (Inscripci\u00f3n Cerrada)\" tabindex=\"-1\" >\n\t\t\tM\u00e1s Informaci\u00f3n \u00bb\t\t<\/a>\n\n\t\t\t\t\t<\/div>\n\t\t\t\t<\/div>\n\t\t\t\t\t<\/div>\n\t\t<\/article>\n\t\t\t\t<\/div>\n\t\t\n\t\t\t\t\t\t<\/div>\n\t\t\t\t<\/div>\n\t\t\t\t<div class=\"elementor-element elementor-element-ee444ec elementor-hidden-desktop elementor-hidden-tablet elementor-hidden-mobile elementor-widget-divider--view-line elementor-widget elementor-widget-divider\" data-id=\"ee444ec\" data-element_type=\"widget\" data-e-type=\"widget\" data-widget_type=\"divider.default\">\n\t\t\t\t<div class=\"elementor-widget-container\">\n\t\t\t\t\t\t\t<div class=\"elementor-divider\">\n\t\t\t<span class=\"elementor-divider-separator\">\n\t\t\t\t\t\t<\/span>\n\t\t<\/div>\n\t\t\t\t\t\t<\/div>\n\t\t\t\t<\/div>\n\t\t\t\t<div class=\"elementor-element elementor-element-beb7099 elementor-hidden-desktop elementor-hidden-tablet elementor-hidden-mobile elementor-widget elementor-widget-heading\" data-id=\"beb7099\" data-element_type=\"widget\" data-e-type=\"widget\" data-widget_type=\"heading.default\">\n\t\t\t\t<div class=\"elementor-widget-container\">\n\t\t\t\t\t<h1 class=\"elementor-heading-title elementor-size-default\">Departamento de Recursos Tur\u00edstcos<\/h1>\t\t\t\t<\/div>\n\t\t\t\t<\/div>\n\t\t\t\t<div class=\"elementor-element elementor-element-67088c6 elementor-hidden-desktop elementor-hidden-tablet elementor-hidden-mobile elementor-widget elementor-widget-heading\" data-id=\"67088c6\" data-element_type=\"widget\" data-e-type=\"widget\" data-widget_type=\"heading.default\">\n\t\t\t\t<div class=\"elementor-widget-container\">\n\t\t\t\t\t<h2 class=\"elementor-heading-title elementor-size-default\">Concursos Profesores Regulares<\/h2>\t\t\t\t<\/div>\n\t\t\t\t<\/div>\n\t\t\t\t<div class=\"elementor-element elementor-element-8ed2023 elementor-hidden-desktop elementor-hidden-tablet elementor-hidden-mobile elementor-widget elementor-widget-heading\" data-id=\"8ed2023\" data-element_type=\"widget\" data-e-type=\"widget\" data-widget_type=\"heading.default\">\n\t\t\t\t<div class=\"elementor-widget-container\">\n\t\t\t\t\t<h2 class=\"elementor-heading-title elementor-size-default\">Concursos Auxiliares Regulares<\/h2>\t\t\t\t<\/div>\n\t\t\t\t<\/div>\n\t\t\t\t<div class=\"elementor-element elementor-element-290e59c elementor-hidden-desktop elementor-hidden-tablet elementor-hidden-mobile elementor-widget-divider--view-line elementor-widget elementor-widget-divider\" data-id=\"290e59c\" data-element_type=\"widget\" data-e-type=\"widget\" data-widget_type=\"divider.default\">\n\t\t\t\t<div class=\"elementor-widget-container\">\n\t\t\t\t\t\t\t<div class=\"elementor-divider\">\n\t\t\t<span class=\"elementor-divider-separator\">\n\t\t\t\t\t\t<\/span>\n\t\t<\/div>\n\t\t\t\t\t\t<\/div>\n\t\t\t\t<\/div>\n\t\t\t\t<div class=\"elementor-element elementor-element-a2d4299 elementor-widget elementor-widget-text-editor\" data-id=\"a2d4299\" data-element_type=\"widget\" data-e-type=\"widget\" data-widget_type=\"text-editor.default\">\n\t\t\t\t<div class=\"elementor-widget-container\">\n\t\t\t\t\t\t\t\t\t<p>La informaci\u00f3n de esta p\u00e1gina se actualiza de manera continua conforme a los actos administrativos correspondientes.<br \/>Te recomendamos consultarla peri\u00f3dicamente para conocer todas las novedades.<\/p>\t\t\t\t\t\t\t\t<\/div>\n\t\t\t\t<\/div>\n\t\t\t\t<\/div>\n\t\t\t\t\t<\/div>\n\t\t\t\t<\/div>\n\t\t\t\t<\/div>\n\t\t","protected":false},"excerpt":{"rendered":"<p>Concursos Interinos y Suplentes La Facultad de Turismo de la Universidad Nacional del Comahue informa que en este espacio se publicar\u00e1n los llamados a inscripci\u00f3n<\/p>\n","protected":false},"author":1,"featured_media":0,"parent":0,"menu_order":0,"comment_status":"closed","ping_status":"closed","template":"elementor_header_footer","meta":{"site-sidebar-layout":"no-sidebar","site-content-layout":"page-builder","ast-site-content-layout":"full-width-container","site-content-style":"default","site-sidebar-style":"default","ast-global-header-display":"","ast-banner-title-visibility":"","ast-main-header-display":"","ast-hfb-above-header-display":"","ast-hfb-below-header-display":"","ast-hfb-mobile-header-display":"","site-post-title":"disabled","ast-breadcrumbs-content":"","ast-featured-img":"disabled","footer-sml-layout":"","ast-disable-related-posts":"","theme-transparent-header-meta":"","adv-header-id-meta":"","stick-header-meta":"","header-above-stick-meta":"","header-main-stick-meta":"","header-below-stick-meta":"","astra-migrate-meta-layouts":"set","ast-page-background-enabled":"default","ast-page-background-meta":{"desktop":{"background-color":"","background-image":"","background-repeat":"repeat","background-position":"center center","background-size":"auto","background-attachment":"scroll","background-type":"","background-media":"","overlay-type":"","overlay-color":"","overlay-opacity":"","overlay-gradient":""},"tablet":{"background-color":"","background-image":"","background-repeat":"repeat","background-position":"center center","background-size":"auto","background-attachment":"scroll","background-type":"","background-media":"","overlay-type":"","overlay-color":"","overlay-opacity":"","overlay-gradient":""},"mobile":{"background-color":"","background-image":"","background-repeat":"repeat","background-position":"center center","background-size":"auto","background-attachment":"scroll","background-type":"","background-media":"","overlay-type":"","overlay-color":"","overlay-opacity":"","overlay-gradient":""}},"ast-content-background-meta":{"desktop":{"background-color":"var(--ast-global-color-5)","background-image":"","background-repeat":"repeat","background-position":"center center","background-size":"auto","background-attachment":"scroll","background-type":"","background-media":"","overlay-type":"","overlay-color":"","overlay-opacity":"","overlay-gradient":""},"tablet":{"background-color":"var(--ast-global-color-5)","background-image":"","background-repeat":"repeat","background-position":"center center","background-size":"auto","background-attachment":"scroll","background-type":"","background-media":"","overlay-type":"","overlay-color":"","overlay-opacity":"","overlay-gradient":""},"mobile":{"background-color":"var(--ast-global-color-5)","background-image":"","background-repeat":"repeat","background-position":"center center","background-size":"auto","background-attachment":"scroll","background-type":"","background-media":"","overlay-type":"","overlay-color":"","overlay-opacity":"","overlay-gradient":""}},"footnotes":""},"class_list":["post-7671","page","type-page","status-publish","hentry"],"_links":{"self":[{"href":"https:\/\/fatuweb.uncoma.edu.ar\/index.php\/wp-json\/wp\/v2\/pages\/7671","targetHints":{"allow":["GET"]}}],"collection":[{"href":"https:\/\/fatuweb.uncoma.edu.ar\/index.php\/wp-json\/wp\/v2\/pages"}],"about":[{"href":"https:\/\/fatuweb.uncoma.edu.ar\/index.php\/wp-json\/wp\/v2\/types\/page"}],"author":[{"embeddable":true,"href":"https:\/\/fatuweb.uncoma.edu.ar\/index.php\/wp-json\/wp\/v2\/users\/1"}],"replies":[{"embeddable":true,"href":"https:\/\/fatuweb.uncoma.edu.ar\/index.php\/wp-json\/wp\/v2\/comments?post=7671"}],"version-history":[{"count":35,"href":"https:\/\/fatuweb.uncoma.edu.ar\/index.php\/wp-json\/wp\/v2\/pages\/7671\/revisions"}],"predecessor-version":[{"id":8986,"href":"https:\/\/fatuweb.uncoma.edu.ar\/index.php\/wp-json\/wp\/v2\/pages\/7671\/revisions\/8986"}],"wp:attachment":[{"href":"https:\/\/fatuweb.uncoma.edu.ar\/index.php\/wp-json\/wp\/v2\/media?parent=7671"}],"curies":[{"name":"wp","href":"https:\/\/api.w.org\/{rel}","templated":true}]}}