{"id":3031,"date":"2024-04-05T17:35:52","date_gmt":"2024-04-05T20:35:52","guid":{"rendered":"https:\/\/fatuweb.uncoma.edu.ar\/fatu\/?page_id=3031"},"modified":"2024-04-05T21:00:13","modified_gmt":"2024-04-06T00:00:13","slug":"nuestras-actividades","status":"publish","type":"page","link":"https:\/\/fatuweb.uncoma.edu.ar\/index.php\/nuestras-actividades\/","title":{"rendered":"Nuestras Actividades"},"content":{"rendered":"\t\t<div data-elementor-type=\"wp-page\" data-elementor-id=\"3031\" class=\"elementor elementor-3031\" data-elementor-post-type=\"page\">\n\t\t\t\t<div class=\"elementor-element elementor-element-ab04b94 e-flex e-con-boxed e-con e-parent\" data-id=\"ab04b94\" data-element_type=\"container\" data-e-type=\"container\" data-settings=\"{&quot;background_background&quot;:&quot;classic&quot;}\">\n\t\t\t\t\t<div class=\"e-con-inner\">\n\t\t<div class=\"elementor-element elementor-element-c959524 e-con-full e-flex e-con e-child\" data-id=\"c959524\" data-element_type=\"container\" data-e-type=\"container\">\n\t\t\t\t<div class=\"elementor-element elementor-element-eb6a451 elementor-widget elementor-widget-heading\" data-id=\"eb6a451\" data-element_type=\"widget\" data-e-type=\"widget\" data-widget_type=\"heading.default\">\n\t\t\t\t<div class=\"elementor-widget-container\">\n\t\t\t\t\t<h1 class=\"elementor-heading-title elementor-size-default\">Salidas de Campo<\/h1>\t\t\t\t<\/div>\n\t\t\t\t<\/div>\n\t\t\t\t<div class=\"elementor-element elementor-element-33ffb22 elementor-widget-divider--view-line elementor-widget elementor-widget-divider\" data-id=\"33ffb22\" data-element_type=\"widget\" data-e-type=\"widget\" data-widget_type=\"divider.default\">\n\t\t\t\t<div class=\"elementor-widget-container\">\n\t\t\t\t\t\t\t<div class=\"elementor-divider\">\n\t\t\t<span class=\"elementor-divider-separator\">\n\t\t\t\t\t\t<\/span>\n\t\t<\/div>\n\t\t\t\t\t\t<\/div>\n\t\t\t\t<\/div>\n\t\t\t\t<\/div>\n\t\t\t\t\t<\/div>\n\t\t\t\t<\/div>\n\t\t<div class=\"elementor-element elementor-element-89a4cb1 e-flex e-con-boxed e-con e-parent\" data-id=\"89a4cb1\" data-element_type=\"container\" data-e-type=\"container\">\n\t\t\t\t\t<div class=\"e-con-inner\">\n\t\t\t\t<div class=\"elementor-element elementor-element-fdd79be elementor-grid-3 elementor-grid-tablet-2 elementor-grid-mobile-1 elementor-posts--thumbnail-top elementor-card-shadow-yes elementor-posts__hover-gradient elementor-widget elementor-widget-posts\" data-id=\"fdd79be\" data-element_type=\"widget\" data-e-type=\"widget\" data-settings=\"{&quot;cards_columns&quot;:&quot;3&quot;,&quot;cards_columns_tablet&quot;:&quot;2&quot;,&quot;cards_columns_mobile&quot;:&quot;1&quot;,&quot;cards_row_gap&quot;:{&quot;unit&quot;:&quot;px&quot;,&quot;size&quot;:35,&quot;sizes&quot;:[]},&quot;cards_row_gap_tablet&quot;:{&quot;unit&quot;:&quot;px&quot;,&quot;size&quot;:&quot;&quot;,&quot;sizes&quot;:[]},&quot;cards_row_gap_mobile&quot;:{&quot;unit&quot;:&quot;px&quot;,&quot;size&quot;:&quot;&quot;,&quot;sizes&quot;:[]}}\" data-widget_type=\"posts.cards\">\n\t\t\t\t<div class=\"elementor-widget-container\">\n\t\t\t\t\t\t\t<div class=\"elementor-posts-container elementor-posts elementor-posts--skin-cards elementor-grid\" role=\"list\">\n\t\t\t\t<article class=\"elementor-post elementor-grid-item post-6070 post type-post status-publish format-standard has-post-thumbnail hentry category-salidas-de-campo\" role=\"listitem\">\n\t\t\t<div class=\"elementor-post__card\">\n\t\t\t\t<a class=\"elementor-post__thumbnail__link\" href=\"https:\/\/fatuweb.uncoma.edu.ar\/index.php\/visita-al-hotel-la-cheminee-san-martin-de-los-andes\/\" tabindex=\"-1\" ><div class=\"elementor-post__thumbnail\"><img fetchpriority=\"high\" decoding=\"async\" width=\"1080\" height=\"1080\" src=\"https:\/\/fatuweb.uncoma.edu.ar\/wp-content\/uploads\/2025\/04\/10.jpg\" class=\"attachment-full size-full wp-image-6072\" alt=\"\" srcset=\"https:\/\/fatuweb.uncoma.edu.ar\/wp-content\/uploads\/2025\/04\/10.jpg 1080w, https:\/\/fatuweb.uncoma.edu.ar\/wp-content\/uploads\/2025\/04\/10-300x300.jpg 300w, https:\/\/fatuweb.uncoma.edu.ar\/wp-content\/uploads\/2025\/04\/10-1024x1024.jpg 1024w, https:\/\/fatuweb.uncoma.edu.ar\/wp-content\/uploads\/2025\/04\/10-150x150.jpg 150w, https:\/\/fatuweb.uncoma.edu.ar\/wp-content\/uploads\/2025\/04\/10-768x768.jpg 768w\" sizes=\"(max-width: 1080px) 100vw, 1080px\" \/><\/div><\/a>\n\t\t\t\t<div class=\"elementor-post__text\">\n\t\t\t\t<h3 class=\"elementor-post__title\">\n\t\t\t<a href=\"https:\/\/fatuweb.uncoma.edu.ar\/index.php\/visita-al-hotel-la-cheminee-san-martin-de-los-andes\/\" >\n\t\t\t\tVisita al Hotel La Cheminee \u2013 San Mart\u00edn de los Andes\t\t\t<\/a>\n\t\t<\/h3>\n\t\t\t\t\t<div class=\"elementor-post__read-more-wrapper\">\n\t\t\n\t\t<a class=\"elementor-post__read-more\" href=\"https:\/\/fatuweb.uncoma.edu.ar\/index.php\/visita-al-hotel-la-cheminee-san-martin-de-los-andes\/\" aria-label=\"Read more about Visita al Hotel La Cheminee \u2013 San Mart\u00edn de los Andes\" tabindex=\"-1\" >\n\t\t\tM\u00e1s Informaci\u00f3n \u00bb\t\t<\/a>\n\n\t\t\t\t\t<\/div>\n\t\t\t\t<\/div>\n\t\t\t\t\t<\/div>\n\t\t<\/article>\n\t\t\t\t<article class=\"elementor-post elementor-grid-item post-6057 post type-post status-publish format-standard has-post-thumbnail hentry category-salidas-de-campo\" role=\"listitem\">\n\t\t\t<div class=\"elementor-post__card\">\n\t\t\t\t<a class=\"elementor-post__thumbnail__link\" href=\"https:\/\/fatuweb.uncoma.edu.ar\/index.php\/salida-de-campo-practica-profesional-ii\/\" tabindex=\"-1\" ><div class=\"elementor-post__thumbnail\"><img decoding=\"async\" width=\"1600\" height=\"738\" src=\"https:\/\/fatuweb.uncoma.edu.ar\/wp-content\/uploads\/2025\/04\/TP-2-Salida-Relevamiento-PP2-Nqn-Imagen-10-Noemi-Gutierrez.jpg\" class=\"attachment-full size-full wp-image-6064\" alt=\"\" srcset=\"https:\/\/fatuweb.uncoma.edu.ar\/wp-content\/uploads\/2025\/04\/TP-2-Salida-Relevamiento-PP2-Nqn-Imagen-10-Noemi-Gutierrez.jpg 1600w, https:\/\/fatuweb.uncoma.edu.ar\/wp-content\/uploads\/2025\/04\/TP-2-Salida-Relevamiento-PP2-Nqn-Imagen-10-Noemi-Gutierrez-300x138.jpg 300w, https:\/\/fatuweb.uncoma.edu.ar\/wp-content\/uploads\/2025\/04\/TP-2-Salida-Relevamiento-PP2-Nqn-Imagen-10-Noemi-Gutierrez-1024x472.jpg 1024w, https:\/\/fatuweb.uncoma.edu.ar\/wp-content\/uploads\/2025\/04\/TP-2-Salida-Relevamiento-PP2-Nqn-Imagen-10-Noemi-Gutierrez-768x354.jpg 768w, https:\/\/fatuweb.uncoma.edu.ar\/wp-content\/uploads\/2025\/04\/TP-2-Salida-Relevamiento-PP2-Nqn-Imagen-10-Noemi-Gutierrez-1536x708.jpg 1536w\" sizes=\"(max-width: 1600px) 100vw, 1600px\" \/><\/div><\/a>\n\t\t\t\t<div class=\"elementor-post__text\">\n\t\t\t\t<h3 class=\"elementor-post__title\">\n\t\t\t<a href=\"https:\/\/fatuweb.uncoma.edu.ar\/index.php\/salida-de-campo-practica-profesional-ii\/\" >\n\t\t\t\tSalida de campo &#8211; Pr\u00e1ctica Profesional II\t\t\t<\/a>\n\t\t<\/h3>\n\t\t\t\t\t<div class=\"elementor-post__read-more-wrapper\">\n\t\t\n\t\t<a class=\"elementor-post__read-more\" href=\"https:\/\/fatuweb.uncoma.edu.ar\/index.php\/salida-de-campo-practica-profesional-ii\/\" aria-label=\"Read more about Salida de campo &#8211; Pr\u00e1ctica Profesional II\" tabindex=\"-1\" >\n\t\t\tM\u00e1s Informaci\u00f3n \u00bb\t\t<\/a>\n\n\t\t\t\t\t<\/div>\n\t\t\t\t<\/div>\n\t\t\t\t\t<\/div>\n\t\t<\/article>\n\t\t\t\t<article class=\"elementor-post elementor-grid-item post-5005 post type-post status-publish format-standard has-post-thumbnail hentry category-salidas-de-campo\" role=\"listitem\">\n\t\t\t<div class=\"elementor-post__card\">\n\t\t\t\t<a class=\"elementor-post__thumbnail__link\" href=\"https:\/\/fatuweb.uncoma.edu.ar\/index.php\/ii-jornadas-de-investigacion-y-recreacion-en-paleontologia-para-la-ninez\/\" tabindex=\"-1\" ><div class=\"elementor-post__thumbnail\"><img decoding=\"async\" width=\"1080\" height=\"1080\" src=\"https:\/\/fatuweb.uncoma.edu.ar\/wp-content\/uploads\/2024\/09\/Participacion_Facultad_Turismo_Jornadas_Paleontologia_UNCo_1.jpg\" class=\"attachment-full size-full wp-image-5021\" alt=\"Grupo de estudiantes de la Facultad de Turismo posando frente a un mural circular. Visten camisetas blancas con el logotipo de la Facultad de Turismo. En la parte superior derecha se encuentran los logotipos de la Universidad Nacional del Comahue, la Facultad de Turismo y el MUC.\" srcset=\"https:\/\/fatuweb.uncoma.edu.ar\/wp-content\/uploads\/2024\/09\/Participacion_Facultad_Turismo_Jornadas_Paleontologia_UNCo_1.jpg 1080w, https:\/\/fatuweb.uncoma.edu.ar\/wp-content\/uploads\/2024\/09\/Participacion_Facultad_Turismo_Jornadas_Paleontologia_UNCo_1-300x300.jpg 300w, https:\/\/fatuweb.uncoma.edu.ar\/wp-content\/uploads\/2024\/09\/Participacion_Facultad_Turismo_Jornadas_Paleontologia_UNCo_1-1024x1024.jpg 1024w, https:\/\/fatuweb.uncoma.edu.ar\/wp-content\/uploads\/2024\/09\/Participacion_Facultad_Turismo_Jornadas_Paleontologia_UNCo_1-150x150.jpg 150w, https:\/\/fatuweb.uncoma.edu.ar\/wp-content\/uploads\/2024\/09\/Participacion_Facultad_Turismo_Jornadas_Paleontologia_UNCo_1-768x768.jpg 768w\" sizes=\"(max-width: 1080px) 100vw, 1080px\" \/><\/div><\/a>\n\t\t\t\t<div class=\"elementor-post__text\">\n\t\t\t\t<h3 class=\"elementor-post__title\">\n\t\t\t<a href=\"https:\/\/fatuweb.uncoma.edu.ar\/index.php\/ii-jornadas-de-investigacion-y-recreacion-en-paleontologia-para-la-ninez\/\" >\n\t\t\t\t\u00a0II Jornadas de Investigaci\u00f3n y Recreaci\u00f3n en Paleontolog\u00eda para la Ni\u00f1ez\t\t\t<\/a>\n\t\t<\/h3>\n\t\t\t\t\t<div class=\"elementor-post__read-more-wrapper\">\n\t\t\n\t\t<a class=\"elementor-post__read-more\" href=\"https:\/\/fatuweb.uncoma.edu.ar\/index.php\/ii-jornadas-de-investigacion-y-recreacion-en-paleontologia-para-la-ninez\/\" aria-label=\"Read more about \u00a0II Jornadas de Investigaci\u00f3n y Recreaci\u00f3n en Paleontolog\u00eda para la Ni\u00f1ez\" tabindex=\"-1\" >\n\t\t\tM\u00e1s Informaci\u00f3n \u00bb\t\t<\/a>\n\n\t\t\t\t\t<\/div>\n\t\t\t\t<\/div>\n\t\t\t\t\t<\/div>\n\t\t<\/article>\n\t\t\t\t<article class=\"elementor-post elementor-grid-item post-4996 post type-post status-publish format-standard has-post-thumbnail hentry category-salidas-de-campo\" role=\"listitem\">\n\t\t\t<div class=\"elementor-post__card\">\n\t\t\t\t<a class=\"elementor-post__thumbnail__link\" href=\"https:\/\/fatuweb.uncoma.edu.ar\/index.php\/salida-de-campo-hotel-casino-magic-gestion-de-la-hospitalidad-test\/\" tabindex=\"-1\" ><div class=\"elementor-post__thumbnail\"><img loading=\"lazy\" decoding=\"async\" width=\"599\" height=\"535\" src=\"https:\/\/fatuweb.uncoma.edu.ar\/wp-content\/uploads\/2024\/09\/casino-magic1.png\" class=\"attachment-full size-full wp-image-4997\" alt=\"Alumnos, docentes y personal del Casino Magic en el lobby del hotel.\" srcset=\"https:\/\/fatuweb.uncoma.edu.ar\/wp-content\/uploads\/2024\/09\/casino-magic1.png 599w, https:\/\/fatuweb.uncoma.edu.ar\/wp-content\/uploads\/2024\/09\/casino-magic1-300x268.png 300w\" sizes=\"(max-width: 599px) 100vw, 599px\" \/><\/div><\/a>\n\t\t\t\t<div class=\"elementor-post__text\">\n\t\t\t\t<h3 class=\"elementor-post__title\">\n\t\t\t<a href=\"https:\/\/fatuweb.uncoma.edu.ar\/index.php\/salida-de-campo-hotel-casino-magic-gestion-de-la-hospitalidad-test\/\" >\n\t\t\t\tSalida de Campo Hotel Casino Magic | Gesti\u00f3n de la Hospitalidad &#8211; TEST\t\t\t<\/a>\n\t\t<\/h3>\n\t\t\t\t\t<div class=\"elementor-post__read-more-wrapper\">\n\t\t\n\t\t<a class=\"elementor-post__read-more\" href=\"https:\/\/fatuweb.uncoma.edu.ar\/index.php\/salida-de-campo-hotel-casino-magic-gestion-de-la-hospitalidad-test\/\" aria-label=\"Read more about Salida de Campo Hotel Casino Magic | Gesti\u00f3n de la Hospitalidad &#8211; TEST\" tabindex=\"-1\" >\n\t\t\tM\u00e1s Informaci\u00f3n \u00bb\t\t<\/a>\n\n\t\t\t\t\t<\/div>\n\t\t\t\t<\/div>\n\t\t\t\t\t<\/div>\n\t\t<\/article>\n\t\t\t\t<article class=\"elementor-post elementor-grid-item post-3046 post type-post status-publish format-standard has-post-thumbnail hentry category-salidas-de-campo\" role=\"listitem\">\n\t\t\t<div class=\"elementor-post__card\">\n\t\t\t\t<a class=\"elementor-post__thumbnail__link\" href=\"https:\/\/fatuweb.uncoma.edu.ar\/index.php\/visita-a-la-peninsula-hiroki-ingresantes-2024\/\" tabindex=\"-1\" ><div class=\"elementor-post__thumbnail\"><img loading=\"lazy\" decoding=\"async\" width=\"1080\" height=\"1080\" src=\"https:\/\/fatuweb.uncoma.edu.ar\/wp-content\/uploads\/2024\/04\/429665156_824577856376369_4886364346611470771_n.jpg\" class=\"attachment-full size-full wp-image-3049\" alt=\"\" srcset=\"https:\/\/fatuweb.uncoma.edu.ar\/wp-content\/uploads\/2024\/04\/429665156_824577856376369_4886364346611470771_n.jpg 1080w, https:\/\/fatuweb.uncoma.edu.ar\/wp-content\/uploads\/2024\/04\/429665156_824577856376369_4886364346611470771_n-300x300.jpg 300w, https:\/\/fatuweb.uncoma.edu.ar\/wp-content\/uploads\/2024\/04\/429665156_824577856376369_4886364346611470771_n-1024x1024.jpg 1024w, https:\/\/fatuweb.uncoma.edu.ar\/wp-content\/uploads\/2024\/04\/429665156_824577856376369_4886364346611470771_n-150x150.jpg 150w, https:\/\/fatuweb.uncoma.edu.ar\/wp-content\/uploads\/2024\/04\/429665156_824577856376369_4886364346611470771_n-768x768.jpg 768w\" sizes=\"(max-width: 1080px) 100vw, 1080px\" \/><\/div><\/a>\n\t\t\t\t<div class=\"elementor-post__text\">\n\t\t\t\t<h3 class=\"elementor-post__title\">\n\t\t\t<a href=\"https:\/\/fatuweb.uncoma.edu.ar\/index.php\/visita-a-la-peninsula-hiroki-ingresantes-2024\/\" >\n\t\t\t\tVisita a la Pen\u00ednsula Hiroki | INGRESANTES 2024\t\t\t<\/a>\n\t\t<\/h3>\n\t\t\t\t\t<div class=\"elementor-post__read-more-wrapper\">\n\t\t\n\t\t<a class=\"elementor-post__read-more\" href=\"https:\/\/fatuweb.uncoma.edu.ar\/index.php\/visita-a-la-peninsula-hiroki-ingresantes-2024\/\" aria-label=\"Read more about Visita a la Pen\u00ednsula Hiroki | INGRESANTES 2024\" tabindex=\"-1\" >\n\t\t\tM\u00e1s Informaci\u00f3n \u00bb\t\t<\/a>\n\n\t\t\t\t\t<\/div>\n\t\t\t\t<\/div>\n\t\t\t\t\t<\/div>\n\t\t<\/article>\n\t\t\t\t<article class=\"elementor-post elementor-grid-item post-3083 post type-post status-publish format-standard has-post-thumbnail hentry category-salidas-de-campo\" role=\"listitem\">\n\t\t\t<div class=\"elementor-post__card\">\n\t\t\t\t<a class=\"elementor-post__thumbnail__link\" href=\"https:\/\/fatuweb.uncoma.edu.ar\/index.php\/salida-de-campo-gestion-de-la-restauracion\/\" tabindex=\"-1\" ><div class=\"elementor-post__thumbnail\"><img loading=\"lazy\" decoding=\"async\" width=\"1080\" height=\"1080\" src=\"https:\/\/fatuweb.uncoma.edu.ar\/wp-content\/uploads\/2024\/04\/401846628_757945443039611_6117094561083168278_n.jpg\" class=\"attachment-full size-full wp-image-3084\" alt=\"\" srcset=\"https:\/\/fatuweb.uncoma.edu.ar\/wp-content\/uploads\/2024\/04\/401846628_757945443039611_6117094561083168278_n.jpg 1080w, https:\/\/fatuweb.uncoma.edu.ar\/wp-content\/uploads\/2024\/04\/401846628_757945443039611_6117094561083168278_n-300x300.jpg 300w, https:\/\/fatuweb.uncoma.edu.ar\/wp-content\/uploads\/2024\/04\/401846628_757945443039611_6117094561083168278_n-1024x1024.jpg 1024w, https:\/\/fatuweb.uncoma.edu.ar\/wp-content\/uploads\/2024\/04\/401846628_757945443039611_6117094561083168278_n-150x150.jpg 150w, https:\/\/fatuweb.uncoma.edu.ar\/wp-content\/uploads\/2024\/04\/401846628_757945443039611_6117094561083168278_n-768x768.jpg 768w\" sizes=\"(max-width: 1080px) 100vw, 1080px\" \/><\/div><\/a>\n\t\t\t\t<div class=\"elementor-post__text\">\n\t\t\t\t<h3 class=\"elementor-post__title\">\n\t\t\t<a href=\"https:\/\/fatuweb.uncoma.edu.ar\/index.php\/salida-de-campo-gestion-de-la-restauracion\/\" >\n\t\t\t\tSalida de campo | Gesti\u00f3n de la Restauraci\u00f3n\t\t\t<\/a>\n\t\t<\/h3>\n\t\t\t\t\t<div class=\"elementor-post__read-more-wrapper\">\n\t\t\n\t\t<a class=\"elementor-post__read-more\" href=\"https:\/\/fatuweb.uncoma.edu.ar\/index.php\/salida-de-campo-gestion-de-la-restauracion\/\" aria-label=\"Read more about Salida de campo | Gesti\u00f3n de la Restauraci\u00f3n\" tabindex=\"-1\" >\n\t\t\tM\u00e1s Informaci\u00f3n \u00bb\t\t<\/a>\n\n\t\t\t\t\t<\/div>\n\t\t\t\t<\/div>\n\t\t\t\t\t<\/div>\n\t\t<\/article>\n\t\t\t\t<\/div>\n\t\t\n\t\t\t\t\t\t<\/div>\n\t\t\t\t<\/div>\n\t\t\t\t\t<\/div>\n\t\t\t\t<\/div>\n\t\t\t\t<\/div>\n\t\t","protected":false},"excerpt":{"rendered":"<p>Salidas de Campo<\/p>\n","protected":false},"author":1,"featured_media":0,"parent":0,"menu_order":0,"comment_status":"closed","ping_status":"closed","template":"elementor_header_footer","meta":{"site-sidebar-layout":"no-sidebar","site-content-layout":"page-builder","ast-site-content-layout":"full-width-container","site-content-style":"default","site-sidebar-style":"default","ast-global-header-display":"","ast-banner-title-visibility":"","ast-main-header-display":"","ast-hfb-above-header-display":"","ast-hfb-below-header-display":"","ast-hfb-mobile-header-display":"","site-post-title":"disabled","ast-breadcrumbs-content":"","ast-featured-img":"disabled","footer-sml-layout":"","ast-disable-related-posts":"","theme-transparent-header-meta":"","adv-header-id-meta":"","stick-header-meta":"","header-above-stick-meta":"","header-main-stick-meta":"","header-below-stick-meta":"","astra-migrate-meta-layouts":"set","ast-page-background-enabled":"default","ast-page-background-meta":{"desktop":{"background-color":"","background-image":"","background-repeat":"repeat","background-position":"center center","background-size":"auto","background-attachment":"scroll","background-type":"","background-media":"","overlay-type":"","overlay-color":"","overlay-opacity":"","overlay-gradient":""},"tablet":{"background-color":"","background-image":"","background-repeat":"repeat","background-position":"center center","background-size":"auto","background-attachment":"scroll","background-type":"","background-media":"","overlay-type":"","overlay-color":"","overlay-opacity":"","overlay-gradient":""},"mobile":{"background-color":"","background-image":"","background-repeat":"repeat","background-position":"center center","background-size":"auto","background-attachment":"scroll","background-type":"","background-media":"","overlay-type":"","overlay-color":"","overlay-opacity":"","overlay-gradient":""}},"ast-content-background-meta":{"desktop":{"background-color":"var(--ast-global-color-5)","background-image":"","background-repeat":"repeat","background-position":"center center","background-size":"auto","background-attachment":"scroll","background-type":"","background-media":"","overlay-type":"","overlay-color":"","overlay-opacity":"","overlay-gradient":""},"tablet":{"background-color":"var(--ast-global-color-5)","background-image":"","background-repeat":"repeat","background-position":"center center","background-size":"auto","background-attachment":"scroll","background-type":"","background-media":"","overlay-type":"","overlay-color":"","overlay-opacity":"","overlay-gradient":""},"mobile":{"background-color":"var(--ast-global-color-5)","background-image":"","background-repeat":"repeat","background-position":"center center","background-size":"auto","background-attachment":"scroll","background-type":"","background-media":"","overlay-type":"","overlay-color":"","overlay-opacity":"","overlay-gradient":""}},"footnotes":""},"class_list":["post-3031","page","type-page","status-publish","hentry"],"_links":{"self":[{"href":"https:\/\/fatuweb.uncoma.edu.ar\/index.php\/wp-json\/wp\/v2\/pages\/3031","targetHints":{"allow":["GET"]}}],"collection":[{"href":"https:\/\/fatuweb.uncoma.edu.ar\/index.php\/wp-json\/wp\/v2\/pages"}],"about":[{"href":"https:\/\/fatuweb.uncoma.edu.ar\/index.php\/wp-json\/wp\/v2\/types\/page"}],"author":[{"embeddable":true,"href":"https:\/\/fatuweb.uncoma.edu.ar\/index.php\/wp-json\/wp\/v2\/users\/1"}],"replies":[{"embeddable":true,"href":"https:\/\/fatuweb.uncoma.edu.ar\/index.php\/wp-json\/wp\/v2\/comments?post=3031"}],"version-history":[{"count":25,"href":"https:\/\/fatuweb.uncoma.edu.ar\/index.php\/wp-json\/wp\/v2\/pages\/3031\/revisions"}],"predecessor-version":[{"id":3123,"href":"https:\/\/fatuweb.uncoma.edu.ar\/index.php\/wp-json\/wp\/v2\/pages\/3031\/revisions\/3123"}],"wp:attachment":[{"href":"https:\/\/fatuweb.uncoma.edu.ar\/index.php\/wp-json\/wp\/v2\/media?parent=3031"}],"curies":[{"name":"wp","href":"https:\/\/api.w.org\/{rel}","templated":true}]}}