{"id":2960,"date":"2024-04-05T15:03:21","date_gmt":"2024-04-05T18:03:21","guid":{"rendered":"https:\/\/fatuweb.uncoma.edu.ar\/fatu\/?page_id=2960"},"modified":"2024-09-03T10:51:10","modified_gmt":"2024-09-03T13:51:10","slug":"secretaria-administrativa","status":"publish","type":"page","link":"https:\/\/fatuweb.uncoma.edu.ar\/index.php\/secretaria-administrativa\/","title":{"rendered":"Secretar\u00eda Administrativa"},"content":{"rendered":"\t\t<div data-elementor-type=\"wp-page\" data-elementor-id=\"2960\" class=\"elementor elementor-2960\" data-elementor-post-type=\"page\">\n\t\t\t\t<div class=\"elementor-element elementor-element-0c8ed3d e-flex e-con-boxed e-con e-parent\" data-id=\"0c8ed3d\" data-element_type=\"container\" data-e-type=\"container\" data-settings=\"{&quot;background_background&quot;:&quot;classic&quot;}\">\n\t\t\t\t\t<div class=\"e-con-inner\">\n\t\t<div class=\"elementor-element elementor-element-1c0aafb e-con-full e-flex e-con e-child\" data-id=\"1c0aafb\" data-element_type=\"container\" data-e-type=\"container\">\n\t\t\t\t<div class=\"elementor-element elementor-element-3c3a405 elementor-widget elementor-widget-heading\" data-id=\"3c3a405\" data-element_type=\"widget\" data-e-type=\"widget\" data-widget_type=\"heading.default\">\n\t\t\t\t<div class=\"elementor-widget-container\">\n\t\t\t\t\t<h1 class=\"elementor-heading-title elementor-size-default\">Secretar\u00eda Administrativa<\/h1>\t\t\t\t<\/div>\n\t\t\t\t<\/div>\n\t\t\t\t<div class=\"elementor-element elementor-element-0c28105 elementor-widget-divider--view-line elementor-widget elementor-widget-divider\" data-id=\"0c28105\" data-element_type=\"widget\" data-e-type=\"widget\" data-widget_type=\"divider.default\">\n\t\t\t\t<div class=\"elementor-widget-container\">\n\t\t\t\t\t\t\t<div class=\"elementor-divider\">\n\t\t\t<span class=\"elementor-divider-separator\">\n\t\t\t\t\t\t<\/span>\n\t\t<\/div>\n\t\t\t\t\t\t<\/div>\n\t\t\t\t<\/div>\n\t\t\t\t<\/div>\n\t\t\t\t\t<\/div>\n\t\t\t\t<\/div>\n\t\t<div class=\"elementor-element elementor-element-2efbfc6 e-flex e-con-boxed e-con e-parent\" data-id=\"2efbfc6\" data-element_type=\"container\" data-e-type=\"container\">\n\t\t\t\t\t<div class=\"e-con-inner\">\n\t\t\t\t<div class=\"elementor-element elementor-element-af25774 elementor-widget elementor-widget-text-editor\" data-id=\"af25774\" data-element_type=\"widget\" data-e-type=\"widget\" data-widget_type=\"text-editor.default\">\n\t\t\t\t<div class=\"elementor-widget-container\">\n\t\t\t\t\t\t\t\t\t<p><span style=\"font-weight: 400;\">La Secretar\u00eda Administrativa tiene como tarea asesorar al Consejo Directivo y al Decano en lo referente a la gesti\u00f3n econ\u00f3mica, financiera y patrimonial de la Facultad. Proponer pautas presupuestarias para la Unidad Acad\u00e9mica, acordes con la realidad de la Universidad en su conjunto. Asistir al Consejo Directivo y al Decano en el estudio, resoluci\u00f3n y ejecuci\u00f3n de los asuntos relativos al \u00e1rea. Participar en la formulaci\u00f3n del plan de necesidades de infraestructura que el crecimiento institucional requiera. Ofrecer respuestas en la administraci\u00f3n y gesti\u00f3n de los Recursos Humanos de la Unidad Acad\u00e9mica. Intervenir en la gesti\u00f3n central de Mesa de Entradas y Salida de documentaci\u00f3n de la Facultad de Turismo.<\/span><\/p>\t\t\t\t\t\t\t\t<\/div>\n\t\t\t\t<\/div>\n\t\t\t\t<div class=\"elementor-element elementor-element-4516afe elementor-widget elementor-widget-heading\" data-id=\"4516afe\" data-element_type=\"widget\" data-e-type=\"widget\" data-widget_type=\"heading.default\">\n\t\t\t\t<div class=\"elementor-widget-container\">\n\t\t\t\t\t<h3 class=\"elementor-heading-title elementor-size-default\">Recursos y Enlaces de la Secretar\u00eda Administrativa<\/h3>\t\t\t\t<\/div>\n\t\t\t\t<\/div>\n\t\t\t\t<div class=\"elementor-element elementor-element-7503536 elementor-widget elementor-widget-text-editor\" data-id=\"7503536\" data-element_type=\"widget\" data-e-type=\"widget\" data-widget_type=\"text-editor.default\">\n\t\t\t\t<div class=\"elementor-widget-container\">\n\t\t\t\t\t\t\t\t\t<p>Aqu\u00ed encontrar\u00e1s una serie de recursos importantes que te ser\u00e1n de utilidad en tu d\u00eda a d\u00eda:<\/p><p><strong>Planilla de Vi\u00e1ticos:<\/strong> <a href=\"https:\/\/fatuweb.uncoma.edu.ar\/wp-content\/uploads\/2024\/06\/PLANILLA-DE-VIATICOS.doc\">Descargar aqu\u00ed<\/a><br \/>Utiliza esta planilla para solicitar y gestionar los vi\u00e1ticos necesarios para tus desplazamientos oficiales. Por favor, aseg\u00farate de completar todos los campos requeridos antes de enviarla.<\/p><p><strong>Planilla del Seguro de Salida de Campo: <\/strong><a href=\"https:\/\/fatuweb.uncoma.edu.ar\/wp-content\/uploads\/2024\/09\/Planilla-en-blanco-para-salida-de-campo-Seguro1.docx\">Descargar aqu\u00ed<\/a><br \/>Esta planilla debe ser completada para garantizar la cobertura del seguro en las salidas.<\/p>\t\t\t\t\t\t\t\t<\/div>\n\t\t\t\t<\/div>\n\t\t\t\t<div class=\"elementor-element elementor-element-389217b elementor-widget elementor-widget-heading\" data-id=\"389217b\" data-element_type=\"widget\" data-e-type=\"widget\" data-widget_type=\"heading.default\">\n\t\t\t\t<div class=\"elementor-widget-container\">\n\t\t\t\t\t<h2 class=\"elementor-heading-title elementor-size-default\">Recursos Humanos<\/h2>\t\t\t\t<\/div>\n\t\t\t\t<\/div>\n\t\t\t\t<div class=\"elementor-element elementor-element-1cfede7 elementor-widget elementor-widget-text-editor\" data-id=\"1cfede7\" data-element_type=\"widget\" data-e-type=\"widget\" data-widget_type=\"text-editor.default\">\n\t\t\t\t<div class=\"elementor-widget-container\">\n\t\t\t\t\t\t\t\t\t<p><strong>Documentos y Formularios:<\/strong><br \/>&#8211; Convenio Colectivo de Trabajo para el Sector No Docente de las Instituciones Universitarias Nacionales: <a href=\"enlace_convenio_colectivo\" target=\"_blank\" rel=\"noopener noreferrer\">Decreto 366\/2006<\/a><br \/>&#8211; Declaraci\u00f3n Jurada de Cargos y Actividades que Desempe\u00f1a el Agente: <a href=\"enlace_declaracion_jurada\" target=\"_blank\" rel=\"noopener noreferrer\">DDJJ<\/a><br \/>&#8211; Procedimiento y Metodolog\u00eda de Trabajo para la Tramitaci\u00f3n de Licencias M\u00e9dicas: <a href=\"enlace_resolucion_medicina\" target=\"_blank\" rel=\"noopener noreferrer\">Resoluci\u00f3n de Medicina<\/a><br \/>&#8211; Formulario Franco Compensatorio: <a href=\"enlace_formulario_franco_compensatorio\" target=\"_blank\" rel=\"noopener noreferrer\">FCOM<\/a><\/p><p><strong>Enlaces de Sistemas:<\/strong><\/p><ul><li>Web-mail: <a title=\"Acceder al servicio de correo electr\u00f3nico institucional\" href=\"https:\/\/fatu.uncoma.edu.ar\" target=\"_blank\" rel=\"noopener noreferrer\">Acceder aqu\u00ed<\/a><\/li><li>Oficina Digital: <a title=\"Acceder a la plataforma de Oficina Digital\" href=\"https:\/\/oficinadigital.uncoma.edu.ar\/autogestion\/\" target=\"_blank\" rel=\"noopener noreferrer\">Acceder aqu\u00ed<\/a><\/li><li>Link a SUDOCU: <a title=\"Acceder a SUDOCU\" href=\"https:\/\/autogestion.uncoma.edu.ar\/idp\/module.php\/arai\/loginuserpass.php?AuthState=_34e03dc04ef49a37eaae45d65e8ae0832af5fdef1a%3Ahttps%3A%2F%2Fautogestion.uncoma.edu.ar%2Fidp%2Fsaml2%2Fidp%2FSSOService.php%3Fspentityid%3Dhttps%253A%252F%252Fautogestion.uncoma.edu.ar%252Fsudocu%26cookieTime%3D1712572886\" target=\"_blank\" rel=\"noopener noreferrer\">Acceder aqu\u00ed<\/a><\/li><\/ul>\t\t\t\t\t\t\t\t<\/div>\n\t\t\t\t<\/div>\n\t\t\t\t<div class=\"elementor-element elementor-element-27f16bc elementor-widget-divider--view-line elementor-widget elementor-widget-divider\" data-id=\"27f16bc\" data-element_type=\"widget\" data-e-type=\"widget\" data-widget_type=\"divider.default\">\n\t\t\t\t<div class=\"elementor-widget-container\">\n\t\t\t\t\t\t\t<div class=\"elementor-divider\">\n\t\t\t<span class=\"elementor-divider-separator\">\n\t\t\t\t\t\t<\/span>\n\t\t<\/div>\n\t\t\t\t\t\t<\/div>\n\t\t\t\t<\/div>\n\t\t\t\t<div class=\"elementor-element elementor-element-556dddc elementor-widget elementor-widget-text-editor\" data-id=\"556dddc\" data-element_type=\"widget\" data-e-type=\"widget\" data-widget_type=\"text-editor.default\">\n\t\t\t\t<div class=\"elementor-widget-container\">\n\t\t\t\t\t\t\t\t\t<p>No dudes en contactarnos si necesitas asistencia adicional o tienes alguna pregunta. \u00a1Estamos aqu\u00ed para ayudarte.<\/p><p><strong>Correo Electr\u00f3nico:<\/strong> secretaria.administrativa@fatu.uncoma.edu.ar<br \/><strong>Tel\u00e9fono:<\/strong> +54 9 299 4490378<\/p>\t\t\t\t\t\t\t\t<\/div>\n\t\t\t\t<\/div>\n\t\t\t\t\t<\/div>\n\t\t\t\t<\/div>\n\t\t\t\t<\/div>\n\t\t","protected":false},"excerpt":{"rendered":"<p>Secretar\u00eda Administrativa La Secretar\u00eda Administrativa tiene como tarea asesorar al Consejo Directivo y al Decano en lo referente a la gesti\u00f3n econ\u00f3mica, financiera y patrimonial de la Facultad. Proponer pautas presupuestarias para la Unidad Acad\u00e9mica, acordes con la realidad de la Universidad en su conjunto. Asistir al Consejo Directivo y al Decano en el estudio, [&hellip;]<\/p>\n","protected":false},"author":1,"featured_media":0,"parent":0,"menu_order":0,"comment_status":"closed","ping_status":"closed","template":"elementor_header_footer","meta":{"site-sidebar-layout":"no-sidebar","site-content-layout":"page-builder","ast-site-content-layout":"full-width-container","site-content-style":"default","site-sidebar-style":"default","ast-global-header-display":"","ast-banner-title-visibility":"","ast-main-header-display":"","ast-hfb-above-header-display":"","ast-hfb-below-header-display":"","ast-hfb-mobile-header-display":"","site-post-title":"disabled","ast-breadcrumbs-content":"","ast-featured-img":"disabled","footer-sml-layout":"","ast-disable-related-posts":"","theme-transparent-header-meta":"","adv-header-id-meta":"","stick-header-meta":"","header-above-stick-meta":"","header-main-stick-meta":"","header-below-stick-meta":"","astra-migrate-meta-layouts":"set","ast-page-background-enabled":"default","ast-page-background-meta":{"desktop":{"background-color":"","background-image":"","background-repeat":"repeat","background-position":"center center","background-size":"auto","background-attachment":"scroll","background-type":"","background-media":"","overlay-type":"","overlay-color":"","overlay-opacity":"","overlay-gradient":""},"tablet":{"background-color":"","background-image":"","background-repeat":"repeat","background-position":"center center","background-size":"auto","background-attachment":"scroll","background-type":"","background-media":"","overlay-type":"","overlay-color":"","overlay-opacity":"","overlay-gradient":""},"mobile":{"background-color":"","background-image":"","background-repeat":"repeat","background-position":"center center","background-size":"auto","background-attachment":"scroll","background-type":"","background-media":"","overlay-type":"","overlay-color":"","overlay-opacity":"","overlay-gradient":""}},"ast-content-background-meta":{"desktop":{"background-color":"var(--ast-global-color-5)","background-image":"","background-repeat":"repeat","background-position":"center center","background-size":"auto","background-attachment":"scroll","background-type":"","background-media":"","overlay-type":"","overlay-color":"","overlay-opacity":"","overlay-gradient":""},"tablet":{"background-color":"var(--ast-global-color-5)","background-image":"","background-repeat":"repeat","background-position":"center center","background-size":"auto","background-attachment":"scroll","background-type":"","background-media":"","overlay-type":"","overlay-color":"","overlay-opacity":"","overlay-gradient":""},"mobile":{"background-color":"var(--ast-global-color-5)","background-image":"","background-repeat":"repeat","background-position":"center center","background-size":"auto","background-attachment":"scroll","background-type":"","background-media":"","overlay-type":"","overlay-color":"","overlay-opacity":"","overlay-gradient":""}},"footnotes":""},"class_list":["post-2960","page","type-page","status-publish","hentry"],"_links":{"self":[{"href":"https:\/\/fatuweb.uncoma.edu.ar\/index.php\/wp-json\/wp\/v2\/pages\/2960","targetHints":{"allow":["GET"]}}],"collection":[{"href":"https:\/\/fatuweb.uncoma.edu.ar\/index.php\/wp-json\/wp\/v2\/pages"}],"about":[{"href":"https:\/\/fatuweb.uncoma.edu.ar\/index.php\/wp-json\/wp\/v2\/types\/page"}],"author":[{"embeddable":true,"href":"https:\/\/fatuweb.uncoma.edu.ar\/index.php\/wp-json\/wp\/v2\/users\/1"}],"replies":[{"embeddable":true,"href":"https:\/\/fatuweb.uncoma.edu.ar\/index.php\/wp-json\/wp\/v2\/comments?post=2960"}],"version-history":[{"count":52,"href":"https:\/\/fatuweb.uncoma.edu.ar\/index.php\/wp-json\/wp\/v2\/pages\/2960\/revisions"}],"predecessor-version":[{"id":4957,"href":"https:\/\/fatuweb.uncoma.edu.ar\/index.php\/wp-json\/wp\/v2\/pages\/2960\/revisions\/4957"}],"wp:attachment":[{"href":"https:\/\/fatuweb.uncoma.edu.ar\/index.php\/wp-json\/wp\/v2\/media?parent=2960"}],"curies":[{"name":"wp","href":"https:\/\/api.w.org\/{rel}","templated":true}]}}