{"id":2921,"date":"2024-04-05T11:19:51","date_gmt":"2024-04-05T14:19:51","guid":{"rendered":"https:\/\/fatuweb.uncoma.edu.ar\/fatu\/?page_id=2921"},"modified":"2024-04-05T12:25:11","modified_gmt":"2024-04-05T15:25:11","slug":"historia","status":"publish","type":"page","link":"https:\/\/fatuweb.uncoma.edu.ar\/index.php\/historia\/","title":{"rendered":"Historia"},"content":{"rendered":"\t\t<div data-elementor-type=\"wp-page\" data-elementor-id=\"2921\" class=\"elementor elementor-2921\" data-elementor-post-type=\"page\">\n\t\t\t\t<div class=\"elementor-element elementor-element-74e34ee e-con-full e-flex e-con e-parent\" data-id=\"74e34ee\" data-element_type=\"container\" data-e-type=\"container\" data-settings=\"{&quot;background_background&quot;:&quot;classic&quot;}\">\n\t\t<div class=\"elementor-element elementor-element-424c686 e-con-full e-flex e-con e-child\" data-id=\"424c686\" data-element_type=\"container\" data-e-type=\"container\">\n\t\t\t\t<div class=\"elementor-element elementor-element-e1665da elementor-widget elementor-widget-heading\" data-id=\"e1665da\" data-element_type=\"widget\" data-e-type=\"widget\" data-widget_type=\"heading.default\">\n\t\t\t\t<div class=\"elementor-widget-container\">\n\t\t\t\t\t<h1 class=\"elementor-heading-title elementor-size-default\">Historia de la FaTU<\/h1>\t\t\t\t<\/div>\n\t\t\t\t<\/div>\n\t\t\t\t<div class=\"elementor-element elementor-element-e4aaaa8 elementor-widget-divider--view-line elementor-widget elementor-widget-divider\" data-id=\"e4aaaa8\" data-element_type=\"widget\" data-e-type=\"widget\" data-widget_type=\"divider.default\">\n\t\t\t\t<div class=\"elementor-widget-container\">\n\t\t\t\t\t\t\t<div class=\"elementor-divider\">\n\t\t\t<span class=\"elementor-divider-separator\">\n\t\t\t\t\t\t<\/span>\n\t\t<\/div>\n\t\t\t\t\t\t<\/div>\n\t\t\t\t<\/div>\n\t\t\t\t<\/div>\n\t\t\t\t<\/div>\n\t\t<div class=\"elementor-element elementor-element-25b8bfe e-flex e-con-boxed e-con e-parent\" data-id=\"25b8bfe\" data-element_type=\"container\" data-e-type=\"container\">\n\t\t\t\t\t<div class=\"e-con-inner\">\n\t\t\t\t<div class=\"elementor-element elementor-element-3be2c65 elementor-widget elementor-widget-text-editor\" data-id=\"3be2c65\" data-element_type=\"widget\" data-e-type=\"widget\" data-widget_type=\"text-editor.default\">\n\t\t\t\t<div class=\"elementor-widget-container\">\n\t\t\t\t\t\t\t\t\t<p><img fetchpriority=\"high\" decoding=\"async\" class=\"size-medium wp-image-2927 alignright\" src=\"https:\/\/fatuweb.uncoma.edu.ar\/wp-content\/uploads\/2024\/04\/escuela-de-turismo-300x169.png\" alt=\"\" width=\"300\" height=\"169\" srcset=\"https:\/\/fatuweb.uncoma.edu.ar\/wp-content\/uploads\/2024\/04\/escuela-de-turismo-300x169.png 300w, https:\/\/fatuweb.uncoma.edu.ar\/wp-content\/uploads\/2024\/04\/escuela-de-turismo-768x434.png 768w, https:\/\/fatuweb.uncoma.edu.ar\/wp-content\/uploads\/2024\/04\/escuela-de-turismo.png 770w\" sizes=\"(max-width: 300px) 100vw, 300px\" \/>La Facultad de Turismo inicia en el a\u00f1o 1965 como Escuela Superior de Turismo, en la Universidad Provincial de Neuqu\u00e9n, creada para brindar capacitaci\u00f3n perfeccionamiento y experiencia necesaria, en aras de brindar respuesta a los requerimientos de la comunidad regional.<\/p><p>En el a\u00f1o 1972, la Escuela Superior de Turismo pasa a formar parte de la flamante Universidad Nacional del Comahue y hacia el a\u00f1o 1975 se consolida como Facultad de Turismo, cre\u00e1ndose la carrera de Licenciatura en Turismo.<\/p><p>En 1991 la Facultad de Turismo crea la carrera de Gu\u00eda Universitario de Turismo, desarrollando sus actividades en el Asentamiento Universitario de San Mart\u00edn de los Andes y en la sede Neuqu\u00e9n Capital.<\/p><p>En el a\u00f1o 1994 se Inaugura la nueva sede de la Facultad de Turismo en la ciudad de Neuqu\u00e9n campus de la Universidad Nacional del Comahue.<\/p><p>En el a\u00f1o 1998, la carrera de Gu\u00eda Universitario de Turismo se dict\u00e1 a t\u00e9rmino en el Asentamiento Universitario Zona Atl\u00e1ntica (CURZA) con sede en Viedma (R\u00edo Negro) y en la localidad de El Hoyo (Chubut) durante los a\u00f1os 2001-2002.<\/p><p>En el a\u00f1o 2003 se crea la Tecnicatura en Gesti\u00f3n del Desarrollo Tur\u00edstico local, respondiendo as\u00ed a la necesidad de apoyar y dinamizar los procesos de desarrollo local. La carrera se dict\u00f3 a t\u00e9rmino en la localidad de Andacollo (Neuqu\u00e9n) entre 2003 y 2005; y posteriormente en Barda del Medio (R\u00edo Negro).<\/p><p>En el a\u00f1o 2006 se cre\u00e1 la carrera de Tecnicatura en Empresas de Servicios Tur\u00edsticos. Se dicta a t\u00e9rmino en las localidades de Jun\u00edn de los Andes, y posteriormente en la sede Neuqu\u00e9n, donde se mantiene como oferta acad\u00e9mica hasta el presente.<\/p><p>En diciembre de 2019 se inaugura la nueva ala de la facultad de Turismo.<\/p><p>La Universidad Nacional del Comahue a trav\u00e9s de la Facultad de Turismo fue la primera que cont\u00f3 con una carrera de Turismo en el pa\u00eds, asumiendo la responsabilidad de jerarquizar las profesiones tur\u00edsticas en el orden nacional.<\/p><p>El crecimiento de esta instituci\u00f3n y su esfuerzo por brindar respuestas a las necesidades de la comunidad regional ha sido permanente, en virtud del apoyo de las autoridades universitarias, provinciales y nacionales, como as\u00ed tambi\u00e9n de su cuerpo docente y administrativo y de servicios que la conforman.<\/p>\t\t\t\t\t\t\t\t<\/div>\n\t\t\t\t<\/div>\n\t\t\t\t\t<\/div>\n\t\t\t\t<\/div>\n\t\t\t\t<\/div>\n\t\t","protected":false},"excerpt":{"rendered":"<p>Historia de la FaTU La Facultad de Turismo inicia en el a\u00f1o 1965 como Escuela Superior de Turismo, en la Universidad Provincial de Neuqu\u00e9n, creada para brindar capacitaci\u00f3n perfeccionamiento y experiencia necesaria, en aras de brindar respuesta a los requerimientos de la comunidad regional. En el a\u00f1o 1972, la Escuela Superior de Turismo pasa a [&hellip;]<\/p>\n","protected":false},"author":1,"featured_media":0,"parent":0,"menu_order":0,"comment_status":"closed","ping_status":"closed","template":"elementor_header_footer","meta":{"site-sidebar-layout":"no-sidebar","site-content-layout":"page-builder","ast-site-content-layout":"full-width-container","site-content-style":"default","site-sidebar-style":"default","ast-global-header-display":"","ast-banner-title-visibility":"","ast-main-header-display":"","ast-hfb-above-header-display":"","ast-hfb-below-header-display":"","ast-hfb-mobile-header-display":"","site-post-title":"disabled","ast-breadcrumbs-content":"","ast-featured-img":"disabled","footer-sml-layout":"","ast-disable-related-posts":"","theme-transparent-header-meta":"","adv-header-id-meta":"","stick-header-meta":"","header-above-stick-meta":"","header-main-stick-meta":"","header-below-stick-meta":"","astra-migrate-meta-layouts":"set","ast-page-background-enabled":"default","ast-page-background-meta":{"desktop":{"background-color":"","background-image":"","background-repeat":"repeat","background-position":"center center","background-size":"auto","background-attachment":"scroll","background-type":"","background-media":"","overlay-type":"","overlay-color":"","overlay-opacity":"","overlay-gradient":""},"tablet":{"background-color":"","background-image":"","background-repeat":"repeat","background-position":"center center","background-size":"auto","background-attachment":"scroll","background-type":"","background-media":"","overlay-type":"","overlay-color":"","overlay-opacity":"","overlay-gradient":""},"mobile":{"background-color":"","background-image":"","background-repeat":"repeat","background-position":"center center","background-size":"auto","background-attachment":"scroll","background-type":"","background-media":"","overlay-type":"","overlay-color":"","overlay-opacity":"","overlay-gradient":""}},"ast-content-background-meta":{"desktop":{"background-color":"var(--ast-global-color-5)","background-image":"","background-repeat":"repeat","background-position":"center center","background-size":"auto","background-attachment":"scroll","background-type":"","background-media":"","overlay-type":"","overlay-color":"","overlay-opacity":"","overlay-gradient":""},"tablet":{"background-color":"var(--ast-global-color-5)","background-image":"","background-repeat":"repeat","background-position":"center center","background-size":"auto","background-attachment":"scroll","background-type":"","background-media":"","overlay-type":"","overlay-color":"","overlay-opacity":"","overlay-gradient":""},"mobile":{"background-color":"var(--ast-global-color-5)","background-image":"","background-repeat":"repeat","background-position":"center center","background-size":"auto","background-attachment":"scroll","background-type":"","background-media":"","overlay-type":"","overlay-color":"","overlay-opacity":"","overlay-gradient":""}},"footnotes":""},"class_list":["post-2921","page","type-page","status-publish","hentry"],"_links":{"self":[{"href":"https:\/\/fatuweb.uncoma.edu.ar\/index.php\/wp-json\/wp\/v2\/pages\/2921","targetHints":{"allow":["GET"]}}],"collection":[{"href":"https:\/\/fatuweb.uncoma.edu.ar\/index.php\/wp-json\/wp\/v2\/pages"}],"about":[{"href":"https:\/\/fatuweb.uncoma.edu.ar\/index.php\/wp-json\/wp\/v2\/types\/page"}],"author":[{"embeddable":true,"href":"https:\/\/fatuweb.uncoma.edu.ar\/index.php\/wp-json\/wp\/v2\/users\/1"}],"replies":[{"embeddable":true,"href":"https:\/\/fatuweb.uncoma.edu.ar\/index.php\/wp-json\/wp\/v2\/comments?post=2921"}],"version-history":[{"count":7,"href":"https:\/\/fatuweb.uncoma.edu.ar\/index.php\/wp-json\/wp\/v2\/pages\/2921\/revisions"}],"predecessor-version":[{"id":2930,"href":"https:\/\/fatuweb.uncoma.edu.ar\/index.php\/wp-json\/wp\/v2\/pages\/2921\/revisions\/2930"}],"wp:attachment":[{"href":"https:\/\/fatuweb.uncoma.edu.ar\/index.php\/wp-json\/wp\/v2\/media?parent=2921"}],"curies":[{"name":"wp","href":"https:\/\/api.w.org\/{rel}","templated":true}]}}